{"id":12281,"date":"2026-02-17T09:03:25","date_gmt":"2026-02-17T09:03:25","guid":{"rendered":"https:\/\/www.corimpexgroup.com\/accessibilita\/"},"modified":"2026-02-17T10:08:58","modified_gmt":"2026-02-17T10:08:58","slug":"accesibilidad","status":"publish","type":"page","link":"https:\/\/www.corimpexgroup.com\/es\/accesibilidad\/","title":{"rendered":"Accesibilidad"},"content":{"rendered":"\t\t<div data-elementor-type=\"wp-page\" data-elementor-id=\"12281\" class=\"elementor elementor-12281 elementor-12266\" data-elementor-post-type=\"page\">\n\t\t\t\t\t\t<section class=\"elementor-section elementor-top-section elementor-element elementor-element-c320fce elementor-section-height-min-height elementor-section-full_width elementor-section-height-default elementor-section-items-middle\" data-id=\"c320fce\" data-element_type=\"section\" data-e-type=\"section\" data-settings=\"{&quot;background_background&quot;:&quot;classic&quot;}\">\n\t\t\t\t\t\t<div class=\"elementor-container elementor-column-gap-no\">\n\t\t\t\t\t<header class=\"elementor-column elementor-col-100 elementor-top-column elementor-element elementor-element-0771d9d\" data-id=\"0771d9d\" data-element_type=\"column\" data-e-type=\"column\" data-settings=\"{&quot;background_background&quot;:&quot;classic&quot;}\">\n\t\t\t<div class=\"elementor-widget-wrap elementor-element-populated\">\n\t\t\t\t\t<div class=\"elementor-background-overlay\"><\/div>\n\t\t\t\t\t\t<section class=\"elementor-section elementor-inner-section elementor-element elementor-element-d5433cc elementor-section-content-bottom elementor-section-height-min-height elementor-section-boxed elementor-section-height-default\" data-id=\"d5433cc\" data-element_type=\"section\" data-e-type=\"section\" data-settings=\"{&quot;background_background&quot;:&quot;video&quot;}\">\n\t\t\t\t\t\t<div class=\"elementor-container elementor-column-gap-default\">\n\t\t\t\t\t<div class=\"elementor-column elementor-col-100 elementor-inner-column elementor-element elementor-element-bd36be6\" data-id=\"bd36be6\" data-element_type=\"column\" data-e-type=\"column\">\n\t\t\t<div class=\"elementor-widget-wrap\">\n\t\t\t\t\t\t\t<\/div>\n\t\t<\/div>\n\t\t\t\t\t<\/div>\n\t\t<\/section>\n\t\t\t\t<section class=\"elementor-section elementor-inner-section elementor-element elementor-element-10a8d10 elementor-section-content-bottom elementor-section-height-min-height elementor-section-boxed elementor-section-height-default\" data-id=\"10a8d10\" data-element_type=\"section\" data-e-type=\"section\" data-settings=\"{&quot;background_background&quot;:&quot;video&quot;}\">\n\t\t\t\t\t\t<div class=\"elementor-container elementor-column-gap-default\">\n\t\t\t\t\t<div class=\"elementor-column elementor-col-100 elementor-inner-column elementor-element elementor-element-84624c5\" data-id=\"84624c5\" data-element_type=\"column\" data-e-type=\"column\">\n\t\t\t<div class=\"elementor-widget-wrap elementor-element-populated\">\n\t\t\t\t\t\t<div class=\"elementor-element elementor-element-f69e8b6 elementor-widget elementor-widget-heading\" data-id=\"f69e8b6\" data-element_type=\"widget\" data-e-type=\"widget\" data-widget_type=\"heading.default\">\n\t\t\t\t<div class=\"elementor-widget-container\">\n\t\t\t\t\t<h1 class=\"elementor-heading-title elementor-size-default\">Accesibilidad<\/h1>\t\t\t\t<\/div>\n\t\t\t\t<\/div>\n\t\t\t\t<div class=\"elementor-element elementor-element-978722c elementor-widget-divider--view-line elementor-widget elementor-widget-divider\" data-id=\"978722c\" data-element_type=\"widget\" data-e-type=\"widget\" data-widget_type=\"divider.default\">\n\t\t\t\t<div class=\"elementor-widget-container\">\n\t\t\t\t\t\t\t<div class=\"elementor-divider\">\n\t\t\t<span class=\"elementor-divider-separator\">\n\t\t\t\t\t\t<\/span>\n\t\t<\/div>\n\t\t\t\t\t\t<\/div>\n\t\t\t\t<\/div>\n\t\t\t\t\t<\/div>\n\t\t<\/div>\n\t\t\t\t\t<\/div>\n\t\t<\/section>\n\t\t\t\t\t<\/div>\n\t\t<\/header>\n\t\t\t\t\t<\/div>\n\t\t<\/section>\n\t\t\t\t<section class=\"elementor-section elementor-top-section elementor-element elementor-element-4a6d72b4 elementor-section-boxed elementor-section-height-default elementor-section-height-default\" data-id=\"4a6d72b4\" data-element_type=\"section\" data-e-type=\"section\">\n\t\t\t\t\t\t<div class=\"elementor-container elementor-column-gap-default\">\n\t\t\t\t\t<div class=\"elementor-column elementor-col-100 elementor-top-column elementor-element elementor-element-22ee5e16\" data-id=\"22ee5e16\" data-element_type=\"column\" data-e-type=\"column\">\n\t\t\t<div class=\"elementor-widget-wrap elementor-element-populated\">\n\t\t\t\t\t\t<div class=\"elementor-element elementor-element-3b7b3e7a elementor-widget elementor-widget-text-editor\" data-id=\"3b7b3e7a\" data-element_type=\"widget\" data-e-type=\"widget\" data-widget_type=\"text-editor.default\">\n\t\t\t\t<div class=\"elementor-widget-container\">\n\t\t\t\t\t\t\t\t\t<div><h2><strong>Declaraci\u00f3n de Accesibilidad del Sitio Web para Entidades Privadas de conformidad con el Art\u00edculo 3, p\u00e1rrafo 1, de la Ley n.\u00ba 4 del 9 de enero de 2004<\/strong><\/h2><p><strong>Corimpex srl<\/strong> se compromete a garantizar la accesibilidad de su sitio web, de conformidad con la Ley n.\u00ba 4 del 9 de enero de 2004. 4. Esta declaraci\u00f3n de accesibilidad se aplica a: https:\/\/www.corimpexgroup.com<\/p><p><strong>Estado de Cumplimiento<\/strong>: <em>Parcialmente Cumplido<\/em><\/p><p>Este sitio web cumple parcialmente con los requisitos del Anexo A de la norma UNI CEI EN 301549 debido a los casos de incumplimiento que se indican a continuaci\u00f3n.<\/p><p><strong><br \/>Metodolog\u00eda de evaluaci\u00f3n<\/strong><br \/>La evaluaci\u00f3n de accesibilidad del sitio web se llev\u00f3 a cabo mediante:<\/p><ul><li>Escaneo autom\u00e1tico con herramientas de detecci\u00f3n de accesibilidad;<\/li><li>Actividades de correcci\u00f3n basadas en los requisitos WCAG 2.2 Nivel AA;<\/li><li>No se realizaron pruebas manuales con herramientas espec\u00edficas ni tecnolog\u00edas de asistencia.<\/li><\/ul><p><strong>Contenido inaccesible<\/strong><\/p><ul><li>Documentos PDF y materiales descargables no optimizados para la accesibilidad;<\/li><li>Posibles elementos adicionales que no cumplen los requisitos pero que no son detectados por herramientas autom\u00e1ticas.<\/li><\/ul><p><strong>Redacci\u00f3n de la Declaraci\u00f3n de Accesibilidad<\/strong><\/p><p>Esta declaraci\u00f3n se redact\u00f3 el <strong>17 de febrero de 2026<\/strong>.<\/p><p>La evaluaci\u00f3n fue realizada por terceros mediante an\u00e1lisis objetivos y subjetivos (v\u00e9ase el art\u00edculo 3, apartado 1, de la Decisi\u00f3n de Ejecuci\u00f3n UE 2018\/1523 de la Comisi\u00f3n).<\/p><p>La declaraci\u00f3n se revis\u00f3 por \u00faltima vez el 17 de febrero de 2026, de acuerdo con la recomendaci\u00f3n de revisar peri\u00f3dicamente (al menos una vez al a\u00f1o) la exactitud de las afirmaciones contenidas en esta declaraci\u00f3n de accesibilidad.<\/p><p>Comentarios e informaci\u00f3n de contacto<\/p><p>Los usuarios pueden enviar informes o solicitudes de accesibilidad a trav\u00e9s de:<\/p><p>Formulario de contacto: <a href=\"https:\/\/www.corimpexgroup.com\/es\/contatti\/\" target=\"_blank\" rel=\"noopener\">https:\/\/www.corimpexgroup.com\/es\/contatti\/<\/a><\/p><p>Correo electr\u00f3nico: <a>info@corimpexgroup.com<\/a><\/p><p>C\u00f3mo enviar informes a AgID<\/p><p>En caso de respuesta insatisfactoria o de no recibir respuesta en un plazo de treinta d\u00edas a la notificaci\u00f3n o solicitud, el interesado puede enviar un informe a AgID por correo electr\u00f3nico certificado (PEC) a la siguiente direcci\u00f3n: protocollo@pec.agid.gov.it<\/p><p>Informaci\u00f3n del sitio<\/p><p>1. Fecha de publicaci\u00f3n del sitio web: <strong>24 de octubre de 2022<\/strong><\/p><p>2. Pruebas de usabilidad realizadas: <strong>No, solo an\u00e1lisis con herramientas autom\u00e1ticas<\/strong><\/p><p>3. CMS utilizado para Sitio web: <strong>WordPress<\/strong><\/p><\/div>\t\t\t\t\t\t\t\t<\/div>\n\t\t\t\t<\/div>\n\t\t\t\t\t<\/div>\n\t\t<\/div>\n\t\t\t\t\t<\/div>\n\t\t<\/section>\n\t\t\t\t<\/div>\n\t\t","protected":false},"excerpt":{"rendered":"<p>Declaraci\u00f3n de Accesibilidad del Sitio Web para Entidades Privadas de conformidad con el Art\u00edculo 3, p\u00e1rrafo 1, de la Ley n.\u00ba 4 del 9 de enero de 2004 Corimpex srl se compromete a garantizar la accesibilidad de su sitio web, de conformidad con la Ley n.\u00ba 4 del 9 de enero de 2004. 4. Esta [&hellip;]<\/p>\n","protected":false},"author":1,"featured_media":0,"parent":0,"menu_order":0,"comment_status":"closed","ping_status":"closed","template":"","meta":{"_acf_changed":false,"footnotes":""},"class_list":["post-12281","page","type-page","status-publish","hentry"],"acf":[],"yoast_head":"<!-- This site is optimized with the Yoast SEO plugin v27.5 - https:\/\/yoast.com\/product\/yoast-seo-wordpress\/ -->\n<title>Accesibilidad - Corimpex<\/title>\n<meta name=\"robots\" content=\"index, follow, max-snippet:-1, max-image-preview:large, max-video-preview:-1\" \/>\n<link rel=\"canonical\" href=\"https:\/\/www.corimpexgroup.com\/es\/accesibilidad\/\" \/>\n<meta property=\"og:locale\" content=\"es_ES\" \/>\n<meta property=\"og:type\" content=\"article\" \/>\n<meta property=\"og:title\" content=\"Accesibilidad - Corimpex\" \/>\n<meta property=\"og:description\" content=\"Declaraci\u00f3n de Accesibilidad del Sitio Web para Entidades Privadas de conformidad con el Art\u00edculo 3, p\u00e1rrafo 1, de la Ley n.\u00ba 4 del 9 de enero de 2004 Corimpex srl se compromete a garantizar la accesibilidad de su sitio web, de conformidad con la Ley n.\u00ba 4 del 9 de enero de 2004. 4. Esta [&hellip;]\" \/>\n<meta property=\"og:url\" content=\"https:\/\/www.corimpexgroup.com\/es\/accesibilidad\/\" \/>\n<meta property=\"og:site_name\" content=\"Corimpex\" \/>\n<meta property=\"article:publisher\" content=\"https:\/\/www.facebook.com\/profile.php?id=100057597012130\" \/>\n<meta property=\"article:modified_time\" content=\"2026-02-17T10:08:58+00:00\" \/>\n<meta name=\"twitter:card\" content=\"summary_large_image\" \/>\n<meta name=\"twitter:label1\" content=\"Tiempo de lectura\" \/>\n\t<meta name=\"twitter:data1\" content=\"2 minutos\" \/>\n<script type=\"application\/ld+json\" class=\"yoast-schema-graph\">{\"@context\":\"https:\\\/\\\/schema.org\",\"@graph\":[{\"@type\":\"WebPage\",\"@id\":\"https:\\\/\\\/www.corimpexgroup.com\\\/es\\\/accesibilidad\\\/\",\"url\":\"https:\\\/\\\/www.corimpexgroup.com\\\/es\\\/accesibilidad\\\/\",\"name\":\"Accesibilidad - Corimpex\",\"isPartOf\":{\"@id\":\"https:\\\/\\\/www.corimpexgroup.com\\\/es\\\/#website\"},\"datePublished\":\"2026-02-17T09:03:25+00:00\",\"dateModified\":\"2026-02-17T10:08:58+00:00\",\"breadcrumb\":{\"@id\":\"https:\\\/\\\/www.corimpexgroup.com\\\/es\\\/accesibilidad\\\/#breadcrumb\"},\"inLanguage\":\"es\",\"potentialAction\":[{\"@type\":\"ReadAction\",\"target\":[\"https:\\\/\\\/www.corimpexgroup.com\\\/es\\\/accesibilidad\\\/\"]}]},{\"@type\":\"BreadcrumbList\",\"@id\":\"https:\\\/\\\/www.corimpexgroup.com\\\/es\\\/accesibilidad\\\/#breadcrumb\",\"itemListElement\":[{\"@type\":\"ListItem\",\"position\":1,\"name\":\"Home\",\"item\":\"https:\\\/\\\/www.corimpexgroup.com\\\/es\\\/home\\\/\"},{\"@type\":\"ListItem\",\"position\":2,\"name\":\"Accesibilidad\"}]},{\"@type\":\"WebSite\",\"@id\":\"https:\\\/\\\/www.corimpexgroup.com\\\/es\\\/#website\",\"url\":\"https:\\\/\\\/www.corimpexgroup.com\\\/es\\\/\",\"name\":\"Corimpex\",\"description\":\"Future Welding Solutions\",\"publisher\":{\"@id\":\"https:\\\/\\\/www.corimpexgroup.com\\\/es\\\/#organization\"},\"potentialAction\":[{\"@type\":\"SearchAction\",\"target\":{\"@type\":\"EntryPoint\",\"urlTemplate\":\"https:\\\/\\\/www.corimpexgroup.com\\\/es\\\/?s={search_term_string}\"},\"query-input\":{\"@type\":\"PropertyValueSpecification\",\"valueRequired\":true,\"valueName\":\"search_term_string\"}}],\"inLanguage\":\"es\"},{\"@type\":\"Organization\",\"@id\":\"https:\\\/\\\/www.corimpexgroup.com\\\/es\\\/#organization\",\"name\":\"Corimpex Srl\",\"url\":\"https:\\\/\\\/www.corimpexgroup.com\\\/es\\\/\",\"logo\":{\"@type\":\"ImageObject\",\"inLanguage\":\"es\",\"@id\":\"https:\\\/\\\/www.corimpexgroup.com\\\/es\\\/#\\\/schema\\\/logo\\\/image\\\/\",\"url\":\"https:\\\/\\\/www.corimpexgroup.com\\\/wp-content\\\/uploads\\\/2022\\\/04\\\/cropped-logo.png\",\"contentUrl\":\"https:\\\/\\\/www.corimpexgroup.com\\\/wp-content\\\/uploads\\\/2022\\\/04\\\/cropped-logo.png\",\"width\":308,\"height\":61,\"caption\":\"Corimpex Srl\"},\"image\":{\"@id\":\"https:\\\/\\\/www.corimpexgroup.com\\\/es\\\/#\\\/schema\\\/logo\\\/image\\\/\"},\"sameAs\":[\"https:\\\/\\\/www.facebook.com\\\/profile.php?id=100057597012130\",\"https:\\\/\\\/www.youtube.com\\\/channel\\\/UC0fdDfSK33dhCbILl2Bwhpw\",\"https:\\\/\\\/www.linkedin.com\\\/company\\\/corimpex-srl\"]}]}<\/script>\n<!-- \/ Yoast SEO plugin. -->","yoast_head_json":{"title":"Accesibilidad - Corimpex","robots":{"index":"index","follow":"follow","max-snippet":"max-snippet:-1","max-image-preview":"max-image-preview:large","max-video-preview":"max-video-preview:-1"},"canonical":"https:\/\/www.corimpexgroup.com\/es\/accesibilidad\/","og_locale":"es_ES","og_type":"article","og_title":"Accesibilidad - Corimpex","og_description":"Declaraci\u00f3n de Accesibilidad del Sitio Web para Entidades Privadas de conformidad con el Art\u00edculo 3, p\u00e1rrafo 1, de la Ley n.\u00ba 4 del 9 de enero de 2004 Corimpex srl se compromete a garantizar la accesibilidad de su sitio web, de conformidad con la Ley n.\u00ba 4 del 9 de enero de 2004. 4. Esta [&hellip;]","og_url":"https:\/\/www.corimpexgroup.com\/es\/accesibilidad\/","og_site_name":"Corimpex","article_publisher":"https:\/\/www.facebook.com\/profile.php?id=100057597012130","article_modified_time":"2026-02-17T10:08:58+00:00","twitter_card":"summary_large_image","twitter_misc":{"Tiempo de lectura":"2 minutos"},"schema":{"@context":"https:\/\/schema.org","@graph":[{"@type":"WebPage","@id":"https:\/\/www.corimpexgroup.com\/es\/accesibilidad\/","url":"https:\/\/www.corimpexgroup.com\/es\/accesibilidad\/","name":"Accesibilidad - Corimpex","isPartOf":{"@id":"https:\/\/www.corimpexgroup.com\/es\/#website"},"datePublished":"2026-02-17T09:03:25+00:00","dateModified":"2026-02-17T10:08:58+00:00","breadcrumb":{"@id":"https:\/\/www.corimpexgroup.com\/es\/accesibilidad\/#breadcrumb"},"inLanguage":"es","potentialAction":[{"@type":"ReadAction","target":["https:\/\/www.corimpexgroup.com\/es\/accesibilidad\/"]}]},{"@type":"BreadcrumbList","@id":"https:\/\/www.corimpexgroup.com\/es\/accesibilidad\/#breadcrumb","itemListElement":[{"@type":"ListItem","position":1,"name":"Home","item":"https:\/\/www.corimpexgroup.com\/es\/home\/"},{"@type":"ListItem","position":2,"name":"Accesibilidad"}]},{"@type":"WebSite","@id":"https:\/\/www.corimpexgroup.com\/es\/#website","url":"https:\/\/www.corimpexgroup.com\/es\/","name":"Corimpex","description":"Future Welding Solutions","publisher":{"@id":"https:\/\/www.corimpexgroup.com\/es\/#organization"},"potentialAction":[{"@type":"SearchAction","target":{"@type":"EntryPoint","urlTemplate":"https:\/\/www.corimpexgroup.com\/es\/?s={search_term_string}"},"query-input":{"@type":"PropertyValueSpecification","valueRequired":true,"valueName":"search_term_string"}}],"inLanguage":"es"},{"@type":"Organization","@id":"https:\/\/www.corimpexgroup.com\/es\/#organization","name":"Corimpex Srl","url":"https:\/\/www.corimpexgroup.com\/es\/","logo":{"@type":"ImageObject","inLanguage":"es","@id":"https:\/\/www.corimpexgroup.com\/es\/#\/schema\/logo\/image\/","url":"https:\/\/www.corimpexgroup.com\/wp-content\/uploads\/2022\/04\/cropped-logo.png","contentUrl":"https:\/\/www.corimpexgroup.com\/wp-content\/uploads\/2022\/04\/cropped-logo.png","width":308,"height":61,"caption":"Corimpex Srl"},"image":{"@id":"https:\/\/www.corimpexgroup.com\/es\/#\/schema\/logo\/image\/"},"sameAs":["https:\/\/www.facebook.com\/profile.php?id=100057597012130","https:\/\/www.youtube.com\/channel\/UC0fdDfSK33dhCbILl2Bwhpw","https:\/\/www.linkedin.com\/company\/corimpex-srl"]}]}},"_links":{"self":[{"href":"https:\/\/www.corimpexgroup.com\/es\/wp-json\/wp\/v2\/pages\/12281","targetHints":{"allow":["GET"]}}],"collection":[{"href":"https:\/\/www.corimpexgroup.com\/es\/wp-json\/wp\/v2\/pages"}],"about":[{"href":"https:\/\/www.corimpexgroup.com\/es\/wp-json\/wp\/v2\/types\/page"}],"author":[{"embeddable":true,"href":"https:\/\/www.corimpexgroup.com\/es\/wp-json\/wp\/v2\/users\/1"}],"replies":[{"embeddable":true,"href":"https:\/\/www.corimpexgroup.com\/es\/wp-json\/wp\/v2\/comments?post=12281"}],"version-history":[{"count":5,"href":"https:\/\/www.corimpexgroup.com\/es\/wp-json\/wp\/v2\/pages\/12281\/revisions"}],"predecessor-version":[{"id":12295,"href":"https:\/\/www.corimpexgroup.com\/es\/wp-json\/wp\/v2\/pages\/12281\/revisions\/12295"}],"wp:attachment":[{"href":"https:\/\/www.corimpexgroup.com\/es\/wp-json\/wp\/v2\/media?parent=12281"}],"curies":[{"name":"wp","href":"https:\/\/api.w.org\/{rel}","templated":true}]}}